{"id":221,"date":"2015-04-09T13:09:42","date_gmt":"2015-04-09T13:09:42","guid":{"rendered":"http:\/\/www.xn--wortwrtlich-vfb.eu\/?page_id=221"},"modified":"2017-07-19T16:18:15","modified_gmt":"2017-07-19T16:18:15","slug":"gesellschaft-rezension","status":"publish","type":"page","link":"http:\/\/www.xn--wortwrtlich-vfb.eu\/?page_id=221","title":{"rendered":"Gesellschaft &#038; Politik"},"content":{"rendered":"<h3>Der M\u00f6glichmacher<\/h3>\n<p>Ein Portr\u00e4t des Unternehmers Burkhard Weller.<\/p>\n<h3><img loading=\"lazy\" decoding=\"async\" class=\"alignleft size-large wp-image-438\" src=\"http:\/\/www.xn--wortwrtlich-vfb.eu\/wp-content\/uploads\/2017\/07\/Datei-17.07.17-14-40-22-720x1024.jpeg\" alt=\"\" width=\"720\" height=\"1024\" srcset=\"http:\/\/www.xn--wortwrtlich-vfb.eu\/wp-content\/uploads\/2017\/07\/Datei-17.07.17-14-40-22-720x1024.jpeg 720w, http:\/\/www.xn--wortwrtlich-vfb.eu\/wp-content\/uploads\/2017\/07\/Datei-17.07.17-14-40-22-211x300.jpeg 211w, http:\/\/www.xn--wortwrtlich-vfb.eu\/wp-content\/uploads\/2017\/07\/Datei-17.07.17-14-40-22-768x1093.jpeg 768w\" sizes=\"(max-width: 720px) 100vw, 720px\" \/><\/h3>\n<p><img loading=\"lazy\" decoding=\"async\" src=\"http:\/\/www.xn--wortwrtlich-vfb.eu\/wp-content\/uploads\/2017\/07\/Datei-17.07.17-14-49-53-1024x740.jpeg\" alt=\"\" width=\"940\" height=\"679\" class=\"alignleft size-large wp-image-441\" srcset=\"http:\/\/www.xn--wortwrtlich-vfb.eu\/wp-content\/uploads\/2017\/07\/Datei-17.07.17-14-49-53-1024x740.jpeg 1024w, http:\/\/www.xn--wortwrtlich-vfb.eu\/wp-content\/uploads\/2017\/07\/Datei-17.07.17-14-49-53-300x217.jpeg 300w, http:\/\/www.xn--wortwrtlich-vfb.eu\/wp-content\/uploads\/2017\/07\/Datei-17.07.17-14-49-53-768x555.jpeg 768w\" sizes=\"(max-width: 940px) 100vw, 940px\" \/><img loading=\"lazy\" decoding=\"async\" src=\"http:\/\/www.xn--wortwrtlich-vfb.eu\/wp-content\/uploads\/2017\/07\/Datei-17.07.17-14-42-14-1024x768.jpeg\" alt=\"\" width=\"940\" height=\"705\" class=\"alignleft size-large wp-image-440\" srcset=\"http:\/\/www.xn--wortwrtlich-vfb.eu\/wp-content\/uploads\/2017\/07\/Datei-17.07.17-14-42-14-1024x768.jpeg 1024w, http:\/\/www.xn--wortwrtlich-vfb.eu\/wp-content\/uploads\/2017\/07\/Datei-17.07.17-14-42-14-300x225.jpeg 300w, http:\/\/www.xn--wortwrtlich-vfb.eu\/wp-content\/uploads\/2017\/07\/Datei-17.07.17-14-42-14-768x576.jpeg 768w\" sizes=\"(max-width: 940px) 100vw, 940px\" \/><img loading=\"lazy\" decoding=\"async\" src=\"http:\/\/www.xn--wortwrtlich-vfb.eu\/wp-content\/uploads\/2017\/07\/Datei-17.07.17-14-41-18-749x1024.jpeg\" alt=\"\" width=\"749\" height=\"1024\" class=\"alignleft size-large wp-image-439\" srcset=\"http:\/\/www.xn--wortwrtlich-vfb.eu\/wp-content\/uploads\/2017\/07\/Datei-17.07.17-14-41-18-749x1024.jpeg 749w, http:\/\/www.xn--wortwrtlich-vfb.eu\/wp-content\/uploads\/2017\/07\/Datei-17.07.17-14-41-18-219x300.jpeg 219w, http:\/\/www.xn--wortwrtlich-vfb.eu\/wp-content\/uploads\/2017\/07\/Datei-17.07.17-14-41-18-768x1050.jpeg 768w\" sizes=\"(max-width: 749px) 100vw, 749px\" \/><\/p>\n<h3><a href=\"http:\/\/www.xn--wortwrtlich-vfb.eu\/wp-content\/uploads\/2017\/02\/Trump-Artikel.jpg\"><img loading=\"lazy\" decoding=\"async\" class=\"size-full wp-image-428 aligncenter\" src=\"http:\/\/www.xn--wortwrtlich-vfb.eu\/wp-content\/uploads\/2017\/02\/Trump-Artikel.jpg\" alt=\"\" width=\"2245\" height=\"3173\" srcset=\"http:\/\/www.xn--wortwrtlich-vfb.eu\/wp-content\/uploads\/2017\/02\/Trump-Artikel.jpg 2245w, http:\/\/www.xn--wortwrtlich-vfb.eu\/wp-content\/uploads\/2017\/02\/Trump-Artikel-212x300.jpg 212w, http:\/\/www.xn--wortwrtlich-vfb.eu\/wp-content\/uploads\/2017\/02\/Trump-Artikel-768x1085.jpg 768w, http:\/\/www.xn--wortwrtlich-vfb.eu\/wp-content\/uploads\/2017\/02\/Trump-Artikel-725x1024.jpg 725w\" sizes=\"(max-width: 2245px) 100vw, 2245px\" \/><\/a><\/h3>\n<h3><\/h3>\n<h3>MARKUS SPRUNGALA IM GESPR\u00c4CH MIT JOHN AMRAM (Gr\u00fcnder HPBA GmbH, Mitgr\u00fcnder TRENDCITY GmbH und JAAS Investment Group)<\/h3>\n<p><a href=\"http:\/\/www.xn--wortwrtlich-vfb.eu\/wp-content\/uploads\/2015\/04\/Folie1.jpg\"><img loading=\"lazy\" decoding=\"async\" class=\"aligncenter wp-image-320 size-full\" src=\"http:\/\/www.xn--wortwrtlich-vfb.eu\/wp-content\/uploads\/2015\/04\/Folie1.jpg\" alt=\"\" width=\"720\" height=\"960\" srcset=\"http:\/\/www.xn--wortwrtlich-vfb.eu\/wp-content\/uploads\/2015\/04\/Folie1.jpg 720w, http:\/\/www.xn--wortwrtlich-vfb.eu\/wp-content\/uploads\/2015\/04\/Folie1-225x300.jpg 225w\" sizes=\"(max-width: 720px) 100vw, 720px\" \/><\/a> <a href=\"http:\/\/www.xn--wortwrtlich-vfb.eu\/wp-content\/uploads\/2015\/06\/Folie21.jpg\"><img loading=\"lazy\" decoding=\"async\" class=\"aligncenter wp-image-317 size-full\" src=\"http:\/\/www.xn--wortwrtlich-vfb.eu\/wp-content\/uploads\/2015\/06\/Folie21.jpg\" alt=\"\" width=\"720\" height=\"960\" srcset=\"http:\/\/www.xn--wortwrtlich-vfb.eu\/wp-content\/uploads\/2015\/06\/Folie21.jpg 720w, http:\/\/www.xn--wortwrtlich-vfb.eu\/wp-content\/uploads\/2015\/06\/Folie21-225x300.jpg 225w\" sizes=\"(max-width: 720px) 100vw, 720px\" \/><\/a> <a href=\"http:\/\/www.xn--wortwrtlich-vfb.eu\/wp-content\/uploads\/2015\/06\/Folie3.jpg\"><img loading=\"lazy\" decoding=\"async\" class=\"alignleft size-full wp-image-304\" src=\"http:\/\/www.xn--wortwrtlich-vfb.eu\/wp-content\/uploads\/2015\/06\/Folie3.jpg\" alt=\"Folie3\" width=\"720\" height=\"960\" srcset=\"http:\/\/www.xn--wortwrtlich-vfb.eu\/wp-content\/uploads\/2015\/06\/Folie3.jpg 720w, http:\/\/www.xn--wortwrtlich-vfb.eu\/wp-content\/uploads\/2015\/06\/Folie3-225x300.jpg 225w\" sizes=\"(max-width: 720px) 100vw, 720px\" \/><\/a> <a href=\"http:\/\/www.xn--wortwrtlich-vfb.eu\/wp-content\/uploads\/2015\/06\/Folie4.jpg\"><img loading=\"lazy\" decoding=\"async\" class=\"aligncenter size-full wp-image-305\" src=\"http:\/\/www.xn--wortwrtlich-vfb.eu\/wp-content\/uploads\/2015\/06\/Folie4.jpg\" alt=\"Folie4\" width=\"720\" height=\"960\" srcset=\"http:\/\/www.xn--wortwrtlich-vfb.eu\/wp-content\/uploads\/2015\/06\/Folie4.jpg 720w, http:\/\/www.xn--wortwrtlich-vfb.eu\/wp-content\/uploads\/2015\/06\/Folie4-225x300.jpg 225w\" sizes=\"(max-width: 720px) 100vw, 720px\" \/><\/a><\/p>\n<h3>MARKUS SPRUNGALA IM GESPR\u00c4CH MIT KARSTEN RENZ (CEO OPTIMAL SYSTEMS)<\/h3>\n<p><a href=\"http:\/\/www.xn--wortwrtlich-vfb.eu\/wp-content\/uploads\/2015\/05\/RW-Club-Magazin-1-2015-Version-07-40.jpg\"><img loading=\"lazy\" decoding=\"async\" class=\"size-large wp-image-283\" src=\"http:\/\/www.xn--wortwrtlich-vfb.eu\/wp-content\/uploads\/2015\/05\/RW-Club-Magazin-1-2015-Version-07-40-734x1024.jpg\" alt=\"Club-Magazin LTTC &quot;Rot-Wei\u00df&quot; - Mastervorlage\" width=\"734\" height=\"1024\" srcset=\"http:\/\/www.xn--wortwrtlich-vfb.eu\/wp-content\/uploads\/2015\/05\/RW-Club-Magazin-1-2015-Version-07-40-734x1024.jpg 734w, http:\/\/www.xn--wortwrtlich-vfb.eu\/wp-content\/uploads\/2015\/05\/RW-Club-Magazin-1-2015-Version-07-40-215x300.jpg 215w\" sizes=\"(max-width: 734px) 100vw, 734px\" \/><\/a><\/p>\n<p><a href=\"http:\/\/www.xn--wortwrtlich-vfb.eu\/wp-content\/uploads\/2015\/05\/RW-Club-Magazin-1-2015-Version-07-42.jpg\"><img loading=\"lazy\" decoding=\"async\" class=\"size-large wp-image-284\" src=\"http:\/\/www.xn--wortwrtlich-vfb.eu\/wp-content\/uploads\/2015\/05\/RW-Club-Magazin-1-2015-Version-07-42-743x1024.jpg\" alt=\"Club-Magazin LTTC &quot;Rot-Wei\u00df&quot; - Mastervorlage\" width=\"743\" height=\"1024\" srcset=\"http:\/\/www.xn--wortwrtlich-vfb.eu\/wp-content\/uploads\/2015\/05\/RW-Club-Magazin-1-2015-Version-07-42-743x1024.jpg 743w, http:\/\/www.xn--wortwrtlich-vfb.eu\/wp-content\/uploads\/2015\/05\/RW-Club-Magazin-1-2015-Version-07-42-218x300.jpg 218w\" sizes=\"(max-width: 743px) 100vw, 743px\" \/><\/a><\/p>\n<p><a href=\"http:\/\/www.xn--wortwrtlich-vfb.eu\/wp-content\/uploads\/2015\/05\/RW-Club-Magazin-1-2015-Version-07-43.jpg\"><img loading=\"lazy\" decoding=\"async\" class=\"size-large wp-image-285\" src=\"http:\/\/www.xn--wortwrtlich-vfb.eu\/wp-content\/uploads\/2015\/05\/RW-Club-Magazin-1-2015-Version-07-43-743x1024.jpg\" alt=\"Club-Magazin LTTC &quot;Rot-Wei\u00df&quot; - Mastervorlage\" width=\"743\" height=\"1024\" srcset=\"http:\/\/www.xn--wortwrtlich-vfb.eu\/wp-content\/uploads\/2015\/05\/RW-Club-Magazin-1-2015-Version-07-43-743x1024.jpg 743w, http:\/\/www.xn--wortwrtlich-vfb.eu\/wp-content\/uploads\/2015\/05\/RW-Club-Magazin-1-2015-Version-07-43-218x300.jpg 218w\" sizes=\"(max-width: 743px) 100vw, 743px\" \/><\/a><\/p>\n<h3>Kein Platz f\u00fcr Paranoia \/ Ein Kommentar zur NSA<\/h3>\n<p>Muss man eigentlich erst Wolf Schneiders Buch \u201cDer Mensch \u2013 eine Karriere\u201d gelesen haben, um zu begreifen wie t\u00f6richt und albern die Diskussion um Big Brother und Co. und ihre multinational aufgestellten Horch und Guck-Truppen ist? Dass die Amerikaner immer \u00f6fter das rechte Ma\u00df aus den Augen verlieren und Culture Clashs der besonders degoutanten Art produzieren, wissen wir schon lange. Wo viel Licht, da auch viel Schatten. Nun ist aus der Fiktion \u201c1984\u201d die Realsatire Prism 2013 geworden. Na und? Wie haben Sie sich gef\u00fchlt, als das normalerweise sehr souver\u00e4n agierende Merkel-Orakel Steffen Seibert vor der Bundespressekonferenz theatralisch die Backen aufpustete und mit einem gespielt entr\u00fcsteten \u201eDas geht gar nicht\u201c unsere vermeintliche Unabh\u00e4ngigkeit und ein grundgesetzm\u00e4\u00dfig verbrieftes Selbstbestimmungsrecht reklamieren wollte? Er wirkte wie ein Filibuster, der sich mit den ersten Silben disqualifiziert, weil er das Thema verfehlt hat. Denn, dass mittlerweile in punkto \u00dcberwachung alles geht, d\u00fcrfte ihn genau so wie seine Chefin nicht wirklich \u00fcberrascht haben. Die Frage ist doch nur, wie weit man mit geht und wen das etwas angeht? Kann es wahr sein, dass wir uns wieder einmal Sorgen um etwas machen, was uns davon abh\u00e4lt, unser Leben einfach zu leben?<\/p>\n<p>Warum hat niemand unserer ma\u00dfgeblichen Politiker das Format oder die kluge Redenschreiberin, um die richtigen Worte zu finden? Warum erkl\u00e4rt niemand, dass unser Leben zu kurz und viel zu wertvoll ist, um sich fortgesetzt dar\u00fcber Gedanken zu machen, dass andere wissen k\u00f6nnten, was man morgen denkt, sagt und vielleicht auch tut? Warum kl\u00e4rt niemand dar\u00fcber auf, dass alle, die auf diesem paranoiden Niveau agieren, auf Dauer nur verlieren k\u00f6nnen? Wo sind die Liberalen, die deutlich machen, dass Freiheit hierzulande davon lebt, dass sie nicht dauernd hinterfragt und kritisch be\u00e4ugt wird? Wir sollten im Hier und Jetzt leben und unseren europ\u00e4isch gepr\u00e4gten Pursuit of Happiness verteidigen, von dem sich die USA derzeit eine dicke Scheibe abschneiden k\u00f6nnen.<\/p>\n<p>Bekannterma\u00dfen stirbt die Hoffnung ja zuletzt. Vielleicht schafft es der ehemalige Hoffnungstr\u00e4ger im White House ja doch noch sein \u201cyes we can\u201d in einer Art und Weise zu verifizieren, die Partner nicht d\u00fcpiert und blamiert, sondern euphorisiert und motiviert. Man stelle sich mal vor, die gewaltigen NSA-Budgets w\u00fcrden kurzerhand der NASA zur Verf\u00fcgung gestellt. Nur eine Silbe mehr und auch das Personal k\u00f6nnte weitestgehend \u00fcbernommen werden. Schlie\u00dflich gibt es im Universum ja wirklich jede Menge Neues zu beobachten, zu belauschen und zu erforschen. Zudem ist in den unendlichen Weiten des Weltalls noch gen\u00fcgend Platz f\u00fcr Paranoia und Verschw\u00f6rungstheorien, so dass die Schn\u00fcffler noch nicht mal einen Affen schieben m\u00fcssten. We have history to make? Let\u00b4s solve the real mystery first, Mr. President!<\/p>\n","protected":false},"excerpt":{"rendered":"<p>Der M\u00f6glichmacher Ein Portr\u00e4t des Unternehmers Burkhard Weller. MARKUS SPRUNGALA IM GESPR\u00c4CH MIT JOHN AMRAM (Gr\u00fcnder HPBA GmbH, Mitgr\u00fcnder TRENDCITY GmbH und JAAS Investment Group) MARKUS SPRUNGALA IM GESPR\u00c4CH MIT KARSTEN RENZ (CEO OPTIMAL SYSTEMS) Kein Platz f\u00fcr Paranoia \/ Ein Kommentar zur NSA Muss man eigentlich erst Wolf Schneiders Buch \u201cDer Mensch \u2013 eine &hellip; <a href=\"http:\/\/www.xn--wortwrtlich-vfb.eu\/?page_id=221\" class=\"more-link\"><span class=\"screen-reader-text\">Gesellschaft &#038; Politik<\/span> weiterlesen<\/a><\/p>\n","protected":false},"author":1,"featured_media":0,"parent":0,"menu_order":0,"comment_status":"open","ping_status":"closed","template":"","meta":{"footnotes":""},"_links":{"self":[{"href":"http:\/\/www.xn--wortwrtlich-vfb.eu\/index.php?rest_route=\/wp\/v2\/pages\/221"}],"collection":[{"href":"http:\/\/www.xn--wortwrtlich-vfb.eu\/index.php?rest_route=\/wp\/v2\/pages"}],"about":[{"href":"http:\/\/www.xn--wortwrtlich-vfb.eu\/index.php?rest_route=\/wp\/v2\/types\/page"}],"author":[{"embeddable":true,"href":"http:\/\/www.xn--wortwrtlich-vfb.eu\/index.php?rest_route=\/wp\/v2\/users\/1"}],"replies":[{"embeddable":true,"href":"http:\/\/www.xn--wortwrtlich-vfb.eu\/index.php?rest_route=%2Fwp%2Fv2%2Fcomments&post=221"}],"version-history":[{"count":13,"href":"http:\/\/www.xn--wortwrtlich-vfb.eu\/index.php?rest_route=\/wp\/v2\/pages\/221\/revisions"}],"predecessor-version":[{"id":457,"href":"http:\/\/www.xn--wortwrtlich-vfb.eu\/index.php?rest_route=\/wp\/v2\/pages\/221\/revisions\/457"}],"wp:attachment":[{"href":"http:\/\/www.xn--wortwrtlich-vfb.eu\/index.php?rest_route=%2Fwp%2Fv2%2Fmedia&parent=221"}],"curies":[{"name":"wp","href":"https:\/\/api.w.org\/{rel}","templated":true}]}}